{"id":156,"date":"2025-09-17T23:28:46","date_gmt":"2025-09-17T23:28:46","guid":{"rendered":"https:\/\/webcima.lat\/?page_id=156"},"modified":"2025-09-18T01:40:38","modified_gmt":"2025-09-18T01:40:38","slug":"bienvenido-a-webcima","status":"publish","type":"page","link":"https:\/\/webcima.lat\/","title":{"rendered":"Bienvenido a WebCima"},"content":{"rendered":"<p>[et_pb_section fb_built=\u00bb1&#8243; _builder_version=\u00bb4.27.4&#8243; _module_preset=\u00bbdefault\u00bb background_image=\u00bbhttps:\/\/webcima.lat\/wp-content\/uploads\/2025\/09\/Copilot_20250913_153553.png\u00bb custom_padding=\u00bb||166px|||\u00bb global_colors_info=\u00bb{}\u00bb][et_pb_row _builder_version=\u00bb4.27.4&#8243; _module_preset=\u00bbdefault\u00bb custom_padding=\u00bb74px|||||\u00bb global_colors_info=\u00bb{}\u00bb][et_pb_column type=\u00bb4_4&#8243; _builder_version=\u00bb4.27.4&#8243; _module_preset=\u00bbdefault\u00bb global_colors_info=\u00bb{}\u00bb][et_pb_text _builder_version=\u00bb4.27.4&#8243; _module_preset=\u00bbdefault\u00bb text_font=\u00bbMontserrat|900|||||||\u00bb text_text_color=\u00bb#FFFFFF\u00bb text_font_size=\u00bb20px\u00bb global_colors_info=\u00bb{}\u00bb]<\/p>\n<p><span><strong>Bienvenido a Webcima<\/strong> Donde el dise\u00f1o se encuentra con la estrategia. Este sitio de muestra es una ventana a lo que Webcima puede lograr: soluciones web modernas, funcionales y visualmente impactantes, pensadas para marcas que quieren destacar.<\/span><\/p>\n<p><span>Aqu\u00ed no solo mostramos p\u00e1ginas, mostramos posibilidades. Cada secci\u00f3n, cada detalle, est\u00e1 dise\u00f1ado para inspirar, conectar y convertir. Ya sea que est\u00e9s buscando una identidad digital s\u00f3lida, una tienda online optimizada o una experiencia de usuario memorable, en Webcima lo hacemos realidad.<\/span><\/p>\n<p><span>Explor\u00e1, imagin\u00e1, proyect\u00e1. Tu pr\u00f3xima web comienza aqu\u00ed.<\/span><\/p>\n<p>[\/et_pb_text][\/et_pb_column][\/et_pb_row][et_pb_row _builder_version=\u00bb4.27.4&#8243; _module_preset=\u00bbdefault\u00bb][et_pb_column _builder_version=\u00bb4.27.4&#8243; _module_preset=\u00bbdefault\u00bb type=\u00bb4_4&#8243;][et_pb_button button_text=\u00bbVOLVER A WEBCIMA\u00bb _builder_version=\u00bb4.27.4&#8243; _module_preset=\u00bbdefault\u00bb button_url=\u00bbwebcima.com\u00bb button_alignment=\u00bbcenter\u00bb custom_button=\u00bbon\u00bb button_text_color=\u00bb#FFFFFF\u00bb button_bg_color=\u00bb#0C71C3&#8243; button_bg_enable_color=\u00bbon\u00bb button_icon=\u00bb&#x41;||divi||400&#8243; button_text_shadow_style=\u00bbpreset1&#8243; hover_enabled=\u00bb0&#8243; sticky_enabled=\u00bb0&#8243;][\/et_pb_button][\/et_pb_column][\/et_pb_row][\/et_pb_section]<\/p>\n","protected":false},"excerpt":{"rendered":"<p>Bienvenido a Webcima Donde el dise\u00f1o se encuentra con la estrategia. Este sitio de muestra es una ventana a lo que Webcima puede lograr: soluciones web modernas, funcionales y visualmente impactantes, pensadas para marcas que quieren destacar. Aqu\u00ed no solo mostramos p\u00e1ginas, mostramos posibilidades. Cada secci\u00f3n, cada detalle, est\u00e1 dise\u00f1ado para inspirar, conectar y convertir. [&hellip;]<\/p>\n","protected":false},"author":1,"featured_media":0,"parent":0,"menu_order":0,"comment_status":"closed","ping_status":"closed","template":"","meta":{"_et_pb_use_builder":"on","_et_pb_old_content":"<!-- wp:divi\/placeholder \/-->","_et_gb_content_width":"","footnotes":""},"class_list":["post-156","page","type-page","status-publish","hentry"],"_links":{"self":[{"href":"https:\/\/webcima.lat\/index.php?rest_route=\/wp\/v2\/pages\/156","targetHints":{"allow":["GET"]}}],"collection":[{"href":"https:\/\/webcima.lat\/index.php?rest_route=\/wp\/v2\/pages"}],"about":[{"href":"https:\/\/webcima.lat\/index.php?rest_route=\/wp\/v2\/types\/page"}],"author":[{"embeddable":true,"href":"https:\/\/webcima.lat\/index.php?rest_route=\/wp\/v2\/users\/1"}],"replies":[{"embeddable":true,"href":"https:\/\/webcima.lat\/index.php?rest_route=%2Fwp%2Fv2%2Fcomments&post=156"}],"version-history":[{"count":5,"href":"https:\/\/webcima.lat\/index.php?rest_route=\/wp\/v2\/pages\/156\/revisions"}],"predecessor-version":[{"id":170,"href":"https:\/\/webcima.lat\/index.php?rest_route=\/wp\/v2\/pages\/156\/revisions\/170"}],"wp:attachment":[{"href":"https:\/\/webcima.lat\/index.php?rest_route=%2Fwp%2Fv2%2Fmedia&parent=156"}],"curies":[{"name":"wp","href":"https:\/\/api.w.org\/{rel}","templated":true}]}}